{"id":1070,"date":"2021-08-12T23:36:19","date_gmt":"2021-08-13T04:36:19","guid":{"rendered":"https:\/\/ammed.com.mx\/?page_id=1070"},"modified":"2021-08-12T23:45:45","modified_gmt":"2021-08-13T04:45:45","slug":"politica-de-cookies","status":"publish","type":"page","link":"https:\/\/ammed.com.mx\/?page_id=1070","title":{"rendered":"POL\u00cdTICA DE COOKIES"},"content":{"rendered":"\t\t<div data-elementor-type=\"wp-page\" data-elementor-id=\"1070\" class=\"elementor elementor-1070\">\r\n\t\t\t\t\t\t<section class=\"elementor-section elementor-top-section elementor-element elementor-element-da78216 elementor-section-boxed elementor-section-height-default elementor-section-height-default\" data-id=\"da78216\" data-element_type=\"section\" data-settings=\"{&quot;jet_parallax_layout_list&quot;:[{&quot;jet_parallax_layout_image&quot;:{&quot;url&quot;:&quot;&quot;,&quot;id&quot;:&quot;&quot;,&quot;size&quot;:&quot;&quot;},&quot;_id&quot;:&quot;4933d75&quot;,&quot;jet_parallax_layout_image_tablet&quot;:{&quot;url&quot;:&quot;&quot;,&quot;id&quot;:&quot;&quot;,&quot;size&quot;:&quot;&quot;},&quot;jet_parallax_layout_image_mobile&quot;:{&quot;url&quot;:&quot;&quot;,&quot;id&quot;:&quot;&quot;,&quot;size&quot;:&quot;&quot;},&quot;jet_parallax_layout_speed&quot;:{&quot;unit&quot;:&quot;%&quot;,&quot;size&quot;:50,&quot;sizes&quot;:[]},&quot;jet_parallax_layout_type&quot;:&quot;scroll&quot;,&quot;jet_parallax_layout_direction&quot;:null,&quot;jet_parallax_layout_fx_direction&quot;:null,&quot;jet_parallax_layout_z_index&quot;:&quot;&quot;,&quot;jet_parallax_layout_bg_x&quot;:50,&quot;jet_parallax_layout_bg_x_tablet&quot;:&quot;&quot;,&quot;jet_parallax_layout_bg_x_mobile&quot;:&quot;&quot;,&quot;jet_parallax_layout_bg_y&quot;:50,&quot;jet_parallax_layout_bg_y_tablet&quot;:&quot;&quot;,&quot;jet_parallax_layout_bg_y_mobile&quot;:&quot;&quot;,&quot;jet_parallax_layout_bg_size&quot;:&quot;auto&quot;,&quot;jet_parallax_layout_bg_size_tablet&quot;:&quot;&quot;,&quot;jet_parallax_layout_bg_size_mobile&quot;:&quot;&quot;,&quot;jet_parallax_layout_animation_prop&quot;:&quot;transform&quot;,&quot;jet_parallax_layout_on&quot;:[&quot;desktop&quot;,&quot;tablet&quot;]}]}\">\r\n\t\t\t\t\t\t<div class=\"elementor-container elementor-column-gap-default\">\r\n\t\t\t\t\t<div class=\"elementor-column elementor-col-100 elementor-top-column elementor-element elementor-element-ae24b67\" data-id=\"ae24b67\" data-element_type=\"column\">\r\n\t\t\t<div class=\"elementor-widget-wrap elementor-element-populated\">\r\n\t\t\t\t\t\t<div class=\"elementor-element elementor-element-932430e elementor-widget elementor-widget-text-editor\" data-id=\"932430e\" data-element_type=\"widget\" data-widget_type=\"text-editor.default\">\r\n\t\t\t\t<div class=\"elementor-widget-container\">\r\n\t\t\t\t\t\t\t<p><span style=\"color: #0154a2;\"><strong>\u00bfQu\u00e9 son las cookies?<\/strong><\/span><\/p><p>Una cookie es un fichero que se descarga en su ordenador al\u00a0acceder a determinadas p\u00e1ginas web. Las cookies permiten a una p\u00e1gina web,\u00a0entre otras cosas, almacenar y recuperar informaci\u00f3n sobre los h\u00e1bitos de\u00a0navegaci\u00f3n de un usuario o de su equipo y, dependiendo de la informaci\u00f3n que\u00a0contengan y de la forma en que utilice su equipo, pueden utilizarse para\u00a0reconocer al usuario.<\/p><p>Utilizamos cookies de sesi\u00f3n, que caducan tras un breve periodo de tiempo o al cerrar el navegador, y cookies persistentes, que se mantienen almacenadas en el navegador durante un periodo de tiempo definido.<\/p><p><span style=\"color: #0154a2;\"><strong>\u00bfPor qu\u00e9 usamos cookies y tecnolog\u00eda similar?<\/strong><\/span><\/p><p>Utilizamos cookies y tecnolog\u00edas similares, como se\u00f1alizaciones web, etiquetas de p\u00edxel u objetos compartidos locales (\u00abcookies de Flash\u00bb) para prestar, evaluar y mejorar nuestros servicios de diversas maneras. Utilizamos estas cookies cuando el usuario visita nuestro sitio y servicios a trav\u00e9s de un navegador. Dado que adoptamos otras tecnolog\u00edas, tambi\u00e9n podremos recopilar datos adicionales a trav\u00e9s de otros m\u00e9todos.<\/p><p>Usamos cookies con los siguientes objetivos:<\/p><p>Seguridad:<\/p><ul><li>Para proteger la seguridad del usuario<\/li><li>Para ayudar a detectar y a luchar contra el correo basura, el uso indebido y otras actividades que violan las pol\u00edticas de AMMED.<\/li><\/ul><p>Preferencias:<\/p><ul><li>Para recordar datos sobre el navegador y las preferencias del usuario.<\/li><\/ul><p>Por ejemplo, las cookies nos ayudan a recordar el idioma de preferencia o el pa\u00eds en el que se encuentra el usuario, de modo que podamos proporcionar contenido en su idioma de preferencia sin tener que pregunt\u00e1rselo cada vez que realice visitas.<\/p><p>An\u00e1lisis e investigaci\u00f3n:<\/p><ul><li>Para ayudarnos a mejorar y a comprender el uso que los usuarios hacen de AMMED.<\/li><\/ul><p>Por ejemplo, las cookies nos ayudan a probar diferentes versiones de AMMED para ver qu\u00e9 funciones o contenido prefieren los usuarios, las se\u00f1alizaciones web nos ayudan a determinar los mensajes de correo electr\u00f3nico que est\u00e1n abiertos y las cookies nos ayudan a ver c\u00f3mo interact\u00faa el usuario con AMMED, como los enlaces en los que hace clic.<\/p><p>Tambi\u00e9n trabajamos con una serie de socios de an\u00e1lisis, como Google Analytics que utilizan cookies y tecnolog\u00edas similares para ayudarnos a analizar el modo en que los usuarios utilizan los Servicios, por ejemplo, mediante la anotaci\u00f3n de los sitios de los que proviene el usuario. Dichos proveedores de servicios podr\u00e1n recopilar esos datos por s\u00ed mismo o nosotros podremos divulg\u00e1rselos.<\/p><p>El usuario puede excluir algunos de estos servicios a trav\u00e9s de herramientas como el\u00a0<a href=\"https:\/\/tools.google.com\/dlpage\/gaoptout\">Complemento de inhabilitaci\u00f3n para navegadores de Google Analytics<\/a>.<\/p><p>Publicidad:<\/p><ul><li>Para proporcionar al usuario publicidad m\u00e1s relevante.<\/li><\/ul><p><strong>Facebook Ads:<\/strong>\u00a0AMMED realiza campa\u00f1as de publicidad en la plataforma de Facebook Ads, la cual inserta determinadas cookies en el navegador del usuario con el objetivo de mostrarle anuncios de publicidad relevantes e interesantes.<\/p><p><a href=\"https:\/\/web.facebook.com\/policy\/cookies\/?_rdc=1&amp;_rdr\" target=\"_blank\" rel=\"noopener\"><em><strong>Pol\u00edtica de Cookies de Facebook Ads<\/strong><\/em><\/a><\/p><p><strong>Google Ads:<\/strong>\u00a0AMMED realiza campa\u00f1as de publicidad en la plataforma de Google Ads, la cual inserta determinadas cookies en el navegador del usuario con el objetivo de mostrarle anuncios de publicidad relevantes e interesantes.<\/p><p><a href=\"https:\/\/policies.google.com\/technologies\/ads?hl=es\"><em><strong>Privacidad y condiciones de la publicidad de Google<\/strong><\/em><\/a><\/p><p>Para obtener m\u00e1s informaci\u00f3n sobre las cookies de publicidad espec\u00edfica y sobre c\u00f3mo se pueden excluir, el usuario puede visitar\u00a0<a href=\"http:\/\/www.allaboutcookies.org\/manage-cookies\/index.html\">www.allaboutcookies.org\/manage-cookies\/index.html<\/a>, o si se encuentra en la Uni\u00f3n Europea, el usuario puede visitar el\u00a0sitio\u00a0<a href=\"http:\/\/www.youronlinechoices.eu\/\">Your Online Choices<\/a>.<\/p><p>El usuario debe tener en cuenta que, si la tecnolog\u00eda de publicidad se integra en los Servicios, el usuario puede seguir recibiendo publicidad en otros sitios web y aplicaciones, pero no estar\u00e1 adaptada a sus intereses.<\/p><p>Al utilizar aplicaciones m\u00f3viles, el usuario tambi\u00e9n puede recibir anuncios personalizados en las aplicaciones. Apple iOS, Android OS y Microsoft Windows proporcionan sus propias instrucciones sobre c\u00f3mo controlar la publicidad personalizada en las aplicaciones. Para otros dispositivos y sistemas operativos, el usuario deber\u00e1 revisar su configuraci\u00f3n de privacidad o ponerse en contacto con el operador de la plataforma.<\/p><p><span style=\"color: #0154a2;\"><strong>\u00bfCu\u00e1les son mis opciones de privacidad?<\/strong><\/span><\/p><p>El usuario dispone de una serie de opciones para controlar o limitar el modo que nosotros y nuestros socios utilizamos las cookies:<\/p><ul><li>La mayor\u00eda de los navegadores aceptan las cookies de forma autom\u00e1tica, pero se puede cambiar la configuraci\u00f3n del navegador para rechazar las cookies mediante la consulta de los art\u00edculos de ayuda del navegador. Si el usuario decide rechazar las cookies, debe tener en cuenta que es posible que no pueda iniciar sesi\u00f3n, personalizar o utilizar algunas funciones interactivas de los Servicios.<\/li><li>Las cookies de Flash funcionan de manera diferente a las cookies de navegador, por lo que es posible que las herramientas de gesti\u00f3n de cookies del navegador no las eliminen. Para obtener m\u00e1s informaci\u00f3n sobre c\u00f3mo gestionar las cookies de Flash, el usuario puede consultar el\u00a0<a href=\"https:\/\/helpx.adobe.com\/flash-player\/kb\/disable-local-shared-objects-flash.html\">art\u00edculo sobre la gesti\u00f3n de cookies de Flash<\/a>\u00a0y el\u00a0<a href=\"http:\/\/www.macromedia.com\/support\/documentation\/en\/flashplayer\/help\/settings_manager07.html\">panel Configuraci\u00f3n de almacenamiento de sitios<\/a>\u00a0de Adobe.<\/li><li>Para obtener informaci\u00f3n y controlar las cookies que se utilizan para la publicidad personalizada de las empresas participantes, el usuario puede consultar las p\u00e1ginas de exclusi\u00f3n del consumidor de la\u00a0<a href=\"http:\/\/optout.networkadvertising.org\/?c=1\">Network Advertising Initiative<\/a>\u00a0y la\u00a0<a href=\"http:\/\/optout.aboutads.info\/?c=2&amp;lang=EN\">Digital Advertising Alliance<\/a>, o si se encuentra en la Uni\u00f3n Europea, visitar el\u00a0sitio\u00a0<a href=\"http:\/\/www.youronlinechoices.eu\/\">Your Online Choices<\/a>. Para excluir la publicidad que se muestra en Google Analytics o personalizar los anuncios de la Red de Display de Google, el usuario puede visitar la\u00a0p\u00e1gina\u00a0<a href=\"https:\/\/adssettings.google.com\/authenticated\">Configuraci\u00f3n de anuncios<\/a>\u00a0de Google.<\/li><li>Para obtener informaci\u00f3n general sobre c\u00f3mo dirigir las cookies y c\u00f3mo desactivarlas, el usuario puede visitar\u00a0<a href=\"http:\/\/www.allaboutcookies.org\/\">www.allaboutcookies.org<\/a>.<\/li><\/ul><p>\u00a0<\/p><p><strong><span style=\"color: #0154a2;\">Actualizaciones e informaci\u00f3n de contacto<\/span><\/strong><\/p><p>Nos reservamos el derecho de efectuar en cualquier momento, modificaciones o actualizaciones a esta Pol\u00edtica de cookies. Si lo hacemos, informaremos al usuario publicando la pol\u00edtica en nuestro sitio con una nueva fecha de entrada en vigor.<\/p><p>Si tienes preguntas sobre nuestro uso de cookies, escr\u00edbenos por correo electr\u00f3nico a <a href=\"mailto:admon@ammed.com.mx\">admon@ammed.com.mx<\/a><\/p><p>\u00a0<\/p><p><em>Fecha de \u00daltima actualizaci\u00f3n: 12\/08\/2021<\/em><\/p>\t\t\t\t\t\t<\/div>\r\n\t\t\t\t<\/div>\r\n\t\t\t\t\t<\/div>\r\n\t\t<\/div>\r\n\t\t\t\t\t<\/div>\r\n\t\t<\/section>\r\n\t\t\t\t<\/div>\r\n\t\t","protected":false},"excerpt":{"rendered":"<p>\u00bfQu\u00e9 son las cookies? Una cookie es un fichero que se descarga en su ordenador al\u00a0acceder a determinadas p\u00e1ginas web. Las cookies permiten a una p\u00e1gina web,\u00a0entre otras cosas, almacenar y recuperar informaci\u00f3n sobre los h\u00e1bitos de\u00a0navegaci\u00f3n de un usuario o de su equipo y, dependiendo de la informaci\u00f3n que\u00a0contengan y de la forma en [&hellip;]<\/p>\n","protected":false},"author":2,"featured_media":0,"parent":0,"menu_order":0,"comment_status":"closed","ping_status":"closed","template":"elementor_header_footer","meta":{"footnotes":""},"class_list":["post-1070","page","type-page","status-publish","hentry"],"_links":{"self":[{"href":"https:\/\/ammed.com.mx\/index.php?rest_route=\/wp\/v2\/pages\/1070","targetHints":{"allow":["GET"]}}],"collection":[{"href":"https:\/\/ammed.com.mx\/index.php?rest_route=\/wp\/v2\/pages"}],"about":[{"href":"https:\/\/ammed.com.mx\/index.php?rest_route=\/wp\/v2\/types\/page"}],"author":[{"embeddable":true,"href":"https:\/\/ammed.com.mx\/index.php?rest_route=\/wp\/v2\/users\/2"}],"replies":[{"embeddable":true,"href":"https:\/\/ammed.com.mx\/index.php?rest_route=%2Fwp%2Fv2%2Fcomments&post=1070"}],"version-history":[{"count":10,"href":"https:\/\/ammed.com.mx\/index.php?rest_route=\/wp\/v2\/pages\/1070\/revisions"}],"predecessor-version":[{"id":1081,"href":"https:\/\/ammed.com.mx\/index.php?rest_route=\/wp\/v2\/pages\/1070\/revisions\/1081"}],"wp:attachment":[{"href":"https:\/\/ammed.com.mx\/index.php?rest_route=%2Fwp%2Fv2%2Fmedia&parent=1070"}],"curies":[{"name":"wp","href":"https:\/\/api.w.org\/{rel}","templated":true}]}}