{"id":1056,"date":"2021-08-12T23:25:30","date_gmt":"2021-08-13T04:25:30","guid":{"rendered":"https:\/\/ammed.com.mx\/?page_id=1056"},"modified":"2021-08-12T23:46:29","modified_gmt":"2021-08-13T04:46:29","slug":"aviso-de-privacidad","status":"publish","type":"page","link":"https:\/\/ammed.com.mx\/?page_id=1056","title":{"rendered":"AVISO DE PRIVACIDAD"},"content":{"rendered":"\t\t<div data-elementor-type=\"wp-page\" data-elementor-id=\"1056\" class=\"elementor elementor-1056\">\r\n\t\t\t\t\t\t<section class=\"elementor-section elementor-top-section elementor-element elementor-element-8e5fea6 elementor-section-boxed elementor-section-height-default elementor-section-height-default\" data-id=\"8e5fea6\" data-element_type=\"section\" data-settings=\"{&quot;jet_parallax_layout_list&quot;:[{&quot;jet_parallax_layout_image&quot;:{&quot;url&quot;:&quot;&quot;,&quot;id&quot;:&quot;&quot;,&quot;size&quot;:&quot;&quot;},&quot;_id&quot;:&quot;48e729f&quot;,&quot;jet_parallax_layout_image_tablet&quot;:{&quot;url&quot;:&quot;&quot;,&quot;id&quot;:&quot;&quot;,&quot;size&quot;:&quot;&quot;},&quot;jet_parallax_layout_image_mobile&quot;:{&quot;url&quot;:&quot;&quot;,&quot;id&quot;:&quot;&quot;,&quot;size&quot;:&quot;&quot;},&quot;jet_parallax_layout_speed&quot;:{&quot;unit&quot;:&quot;%&quot;,&quot;size&quot;:50,&quot;sizes&quot;:[]},&quot;jet_parallax_layout_type&quot;:&quot;scroll&quot;,&quot;jet_parallax_layout_direction&quot;:null,&quot;jet_parallax_layout_fx_direction&quot;:null,&quot;jet_parallax_layout_z_index&quot;:&quot;&quot;,&quot;jet_parallax_layout_bg_x&quot;:50,&quot;jet_parallax_layout_bg_x_tablet&quot;:&quot;&quot;,&quot;jet_parallax_layout_bg_x_mobile&quot;:&quot;&quot;,&quot;jet_parallax_layout_bg_y&quot;:50,&quot;jet_parallax_layout_bg_y_tablet&quot;:&quot;&quot;,&quot;jet_parallax_layout_bg_y_mobile&quot;:&quot;&quot;,&quot;jet_parallax_layout_bg_size&quot;:&quot;auto&quot;,&quot;jet_parallax_layout_bg_size_tablet&quot;:&quot;&quot;,&quot;jet_parallax_layout_bg_size_mobile&quot;:&quot;&quot;,&quot;jet_parallax_layout_animation_prop&quot;:&quot;transform&quot;,&quot;jet_parallax_layout_on&quot;:[&quot;desktop&quot;,&quot;tablet&quot;]}]}\">\r\n\t\t\t\t\t\t<div class=\"elementor-container elementor-column-gap-default\">\r\n\t\t\t\t\t<div class=\"elementor-column elementor-col-100 elementor-top-column elementor-element elementor-element-146867a\" data-id=\"146867a\" data-element_type=\"column\">\r\n\t\t\t<div class=\"elementor-widget-wrap elementor-element-populated\">\r\n\t\t\t\t\t\t<div class=\"elementor-element elementor-element-8375885 elementor-widget elementor-widget-text-editor\" data-id=\"8375885\" data-element_type=\"widget\" data-widget_type=\"text-editor.default\">\r\n\t\t\t\t<div class=\"elementor-widget-container\">\r\n\t\t\t\t\t\t\t<p><strong><span style=\"color: #0154a2;\">1. DEFINICIONES.<\/span><\/strong><br \/>Aviso de Privacidad: Documento f\u00edsico, electr\u00f3nico o en cualquier otro formato generado por el responsable que es puesto a disposici\u00f3n del titular, previo al tratamiento de sus datos personales, de conformidad con el art\u00edculo 15 de la Ley Federal de Protecci\u00f3n de Datos Personales en Posesi\u00f3n de los Particulares.<br \/>Consentimiento: Manifestaci\u00f3n de la voluntad del titular de los datos mediante la cual se efect\u00faa el tratamiento de estos.<br \/>Datos personales: Cualquier informaci\u00f3n concerniente a una persona f\u00edsica identificada o identificable.<br \/>Titular: La persona f\u00edsica a quien corresponden los datos personales.<br \/>Responsable: Persona f\u00edsica o moral de car\u00e1cter privado que decide sobre el tratamiento de datos personales.<\/p><p><span style=\"color: #0154a2;\"><strong>2. IDENTIDAD DEL RESPONSABLE.<\/strong><\/span><br \/>Con fundamento en los art\u00edculos 15 y 16 de la Ley Federal de Protecci\u00f3n de Datos Personales en Posesi\u00f3n de los Particulares hacemos de su conocimiento que Soluciones Biom\u00e9dicas AMMED, con domicilio fiscal en Juan Manuel #1142, Col. Santa Teresita, Guadalajara, Jalisco, M\u00e9xico, es responsable de recabar sus datos personales, del uso que se le d\u00e9 a los mismos y de su protecci\u00f3n.<\/p><p><strong><span style=\"color: #0154a2;\">3. CONSENTIMIENTO DEL TITULAR.<\/span><\/strong><br \/>Todos los datos personales recabados por Soluciones Biom\u00e9dicas AMMED son obtenidos de los titulares de manera licita, clara y sin el uso de medios enga\u00f1osos o fraudulentos, entendi\u00e9ndose que el titular entrega sus datos personales a trav\u00e9s de los formularios de nuestra p\u00e1gina web, correo electr\u00f3nico, v\u00eda telef\u00f3nica o por medio de mensajer\u00eda instant\u00e1nea como WhatsApp, Messenger de Facebook e Instagram, entre otros, con la intenci\u00f3n de recibir una cotizaci\u00f3n o un servicio de Soluciones Biom\u00e9dicas AMMED.<\/p><p><span style=\"color: #0154a2;\"><strong>4. DATOS PERSONALES PARA RECABAR.<\/strong><\/span><br \/>Los datos personales que Soluciones Biom\u00e9dicas AMMED puede recabar son los siguientes;<br \/>\u2022 Raz\u00f3n social de la empresa.<br \/>\u2022 Domicilio de la empresa.<br \/>\u2022 RFC de la empresa.<br \/>\u2022 Nombre y puesto de los contactos.<br \/>\u2022 Tel\u00e9fono y Celular de los contactos.<br \/>\u2022 Correo electr\u00f3nico de los contactos.<br \/>Soluciones Biom\u00e9dicas AMMED no recaba datos personales sensibles.<\/p><p><span style=\"color: #0154a2;\"><strong>5. FINALIDAD DEL TRATAMIENTO DE DATOS.<\/strong><\/span><br \/>Los datos personales que nos proporcione ser\u00e1n utilizados \u00fanica y exclusivamente para;<br \/>\u2022 Hacer las cotizaciones que el titular solicita.<br \/>\u2022 Hacer facturas para el titular o su empresa.<br \/>\u2022 Entregar el servicio que el titular ha contratado con Soluciones Biom\u00e9dicas AMMED.<br \/>\u2022 Enviarle actualizaciones sobre nuestros servicios.<br \/>\u2022 Realizar encuestas de satisfacci\u00f3n al cliente.<br \/>\u2022 Mencionar al titular como cliente en nuestra p\u00e1gina web.<br \/>\u2022 Enviar actualizaciones de nuestros servicios, as\u00ed como ofertas especiales.<\/p><p><strong><span style=\"color: #0154a2;\">6. TRATAMIENTO Y USO DE DATOS.<\/span><\/strong><br \/>Soluciones Biom\u00e9dicas AMMED realiza el tratamiento de sus datos personales de conformidad, con los principios de licitud, consentimiento, informaci\u00f3n, calidad, finalidad, lealtad, proporcionalidad y responsabilidad en t\u00e9rminos de lo dispuesto en el cap\u00edtulo II, art\u00edculo 6 de la Ley Federal de Protecci\u00f3n de Datos Personales en Posesi\u00f3n de los Particulares y el cap\u00edtulo II, art\u00edculo 9 del Reglamento de la Ley Federal de Protecci\u00f3n de Datos Personales en Posesi\u00f3n de los Particulares.<br \/>A fin de mantener los principios de Confidencialidad, Disponibilidad e Integridad, de los datos que nos proporciona y garantizar la utilizaci\u00f3n correcta de \u00e9stos, implementamos y mantenemos en mejora continua practicas recomendadas por el Sistema de Gesti\u00f3n de Seguridad de la Informaci\u00f3n basado en ISO\/IEC 27001:2013, seg\u00fan las Recomendaciones en materia de seguridad de datos personales.<br \/>Los datos personales que usted nos proporciona se guardan en bases de datos electr\u00f3nicas controladas y con acceso limitado, en apego a lo establecido en el art\u00edculo 48 del reglamento de la Ley Federal de Protecci\u00f3n de Datos Personales en Posesi\u00f3n de los Particulares.<br \/>Soluciones Biom\u00e9dicas AMMED le notifica que dicha informaci\u00f3n ser\u00e1 almacenada por un periodo de 5 A\u00f1os posterior al t\u00e9rmino del \u00faltimo servicio que se le ha proporcionado. Transcurrido el tiempo dicha informaci\u00f3n ser\u00e1 cancelada y finalmente descartada.<br \/>En caso de que ocurra una vulneraci\u00f3n de seguridad en cualquier fase del tratamiento de datos personales, Soluciones Biom\u00e9dicas AMMED lo har\u00e1 del conocimiento general, de manera inmediata mediante la siguiente;<br \/>\u2022 P\u00e1gina de internet: <a href=\"https:\/\/ammed.com.mx\" target=\"_blank\" rel=\"noopener\">https:\/\/ammed.com.mx<\/a><br \/>\u2022 Correo electr\u00f3nico: <a href=\"mailto:admon@ammed.com.mx\">admon@ammed.com.mx<\/a><br \/>Para que las personas involucradas en la vulneraci\u00f3n de sus datos personales tomen las medidas correspondientes a fin de resguardar sus derechos.<\/p><p><strong><span style=\"color: #0154a2;\">7. DERECHOS DE ACCESO, RECTIFICACI\u00d3N, CANCELACI\u00d3N U OPOSICI\u00d3N.<\/span><\/strong><br \/>Es importante informarle que usted tiene derecho de acceder a los datos personales que poseemos y a los detalles del tratamiento de estos, as\u00ed como a;<br \/>\u2022 Rectificarlos en caso de ser inexactos o incompletos,<br \/>\u2022 Cancelarlos cuando considere que no se requieren para alguna de las finalidades se\u00f1aladas en el presente aviso de privacidad, est\u00e9n siendo utilizados para finalidades no consentidas o haya finalizado el tiempo de almacenamiento declarado en el apartado anterior, o bien,<br \/>\u2022 Oponerse al tratamiento de estos para fines espec\u00edficos.<br \/>Asimismo, usted podr\u00e1 revocar el consentimiento que nos ha otorgado para el tratamiento de sus datos personales, a fin de que dejemos de hacer uso de estos.<br \/>Soluciones Biom\u00e9dicas AMMED cuenta con procedimientos gratuitos, id\u00f3neos y veraces para atender a las solicitudes de derechos de Acceso, Rectificaci\u00f3n, Cancelaci\u00f3n y Oposici\u00f3n que llegase a presentar, los cuales podr\u00e1n ser ejercidos mediante solicitud en los t\u00e9rminos que marca la Ley Federal de Protecci\u00f3n de Datos Personales en Posesi\u00f3n de los Particulares en su Art\u00edculo 29 a trav\u00e9s de los siguientes mecanismos:<br \/>\u2022 Correo electr\u00f3nico: <a href=\"mailto:admon@ammed.com.mx\">admon@ammed.com.mx<\/a><br \/>\u2022 Tel\u00e9fono: <strong>33 36 29 45 32<\/strong><br \/>Dicha solicitud deber\u00e1 contener y acompa\u00f1ar lo siguiente:<br \/>\u2022 El nombre completo del titular, domicilio para o\u00edr y recibir notificaciones y correo electr\u00f3nico;<br \/>\u2022 Documento que acredite su personalidad (INE en caso de persona f\u00edsica o Instrumento Notarial e INE del representante legal en caso de persona moral, o pasaporte, o c\u00e9dula profesional y constancia de identidad);<br \/>\u2022 La descripci\u00f3n clara y precisa de los datos personales respecto de los que se busca ejercer alguno de los derechos antes mencionados, y<br \/>\u2022 Cualquier otro elemento o documento que facilite la localizaci\u00f3n de los datos personales.<br \/>Soluciones Biom\u00e9dicas AMMED tendr\u00e1 un plazo m\u00e1ximo de 20 d\u00edas h\u00e1biles contados a partir del d\u00eda siguiente de la fecha contenida en el acuse, para atender su petici\u00f3n y le informaremos sobre la procedencia de esta a trav\u00e9s de correo electr\u00f3nico.<\/p><p><strong><span style=\"color: #0154a2;\">8. TRANSFERENCIA DE DATOS.<\/span><\/strong><br \/>Soluciones Biom\u00e9dicas AMMED en ninguna circunstancia transferir\u00e1 sus datos personales a terceros sin su consentimiento previo a excepci\u00f3n de los supuestos mencionados en el art\u00edculo 37 de la Ley Federal de Protecci\u00f3n de Datos Personales en Posesi\u00f3n de los Particulares.<\/p><p><span style=\"color: #0154a2;\"><strong>9. CAMBIOS AL AVISO DE PRIVACIDAD.<\/strong><\/span><br \/>Nos reservamos el derecho de efectuar en cualquier momento, modificaciones o actualizaciones al presente Aviso de Privacidad, el Aviso de Privacidad vigente estar\u00e1 siempre disponibles al p\u00fablico a trav\u00e9s de nuestro sitio oficial de internet: <a href=\"https:\/\/ammed.com.mx\/aviso-de-privacidad\" target=\"_blank\" rel=\"noopener\">https:\/\/ammed.com.mx\/aviso-de-privacidad<\/a><\/p><p><span style=\"color: #0154a2;\"><strong>10. INCONFORMIDADES.<\/strong><\/span><br \/>Si usted considera que;<br \/>\u2022 Su derecho de protecci\u00f3n de datos personales ha sido lesionado por alguna conducta de nuestros empleados, de nuestras actuaciones o respuestas o,<br \/>\u2022 Presume que en el tratamiento de sus datos personales existe alguna violaci\u00f3n a las disposiciones previstas en la Ley Federal de Protecci\u00f3n de Datos Personales en Posesi\u00f3n de los Particulares, podr\u00e1 interponer la queja o denuncia correspondiente ante el INAI, para m\u00e1s informaci\u00f3n visite www.inai.org.mx.<\/p><p>\u00a0<\/p><p>\u00a0<\/p><p><em>Fecha de \u00daltima actualizaci\u00f3n: 12\/08\/2021<\/em><\/p>\t\t\t\t\t\t<\/div>\r\n\t\t\t\t<\/div>\r\n\t\t\t\t\t<\/div>\r\n\t\t<\/div>\r\n\t\t\t\t\t<\/div>\r\n\t\t<\/section>\r\n\t\t\t\t<\/div>\r\n\t\t","protected":false},"excerpt":{"rendered":"<p>1. DEFINICIONES.Aviso de Privacidad: Documento f\u00edsico, electr\u00f3nico o en cualquier otro formato generado por el responsable que es puesto a disposici\u00f3n del titular, previo al tratamiento de sus datos personales, de conformidad con el art\u00edculo 15 de la Ley Federal de Protecci\u00f3n de Datos Personales en Posesi\u00f3n de los Particulares.Consentimiento: Manifestaci\u00f3n de la voluntad del [&hellip;]<\/p>\n","protected":false},"author":2,"featured_media":0,"parent":0,"menu_order":0,"comment_status":"closed","ping_status":"closed","template":"elementor_header_footer","meta":{"footnotes":""},"class_list":["post-1056","page","type-page","status-publish","hentry"],"_links":{"self":[{"href":"https:\/\/ammed.com.mx\/index.php?rest_route=\/wp\/v2\/pages\/1056","targetHints":{"allow":["GET"]}}],"collection":[{"href":"https:\/\/ammed.com.mx\/index.php?rest_route=\/wp\/v2\/pages"}],"about":[{"href":"https:\/\/ammed.com.mx\/index.php?rest_route=\/wp\/v2\/types\/page"}],"author":[{"embeddable":true,"href":"https:\/\/ammed.com.mx\/index.php?rest_route=\/wp\/v2\/users\/2"}],"replies":[{"embeddable":true,"href":"https:\/\/ammed.com.mx\/index.php?rest_route=%2Fwp%2Fv2%2Fcomments&post=1056"}],"version-history":[{"count":15,"href":"https:\/\/ammed.com.mx\/index.php?rest_route=\/wp\/v2\/pages\/1056\/revisions"}],"predecessor-version":[{"id":1084,"href":"https:\/\/ammed.com.mx\/index.php?rest_route=\/wp\/v2\/pages\/1056\/revisions\/1084"}],"wp:attachment":[{"href":"https:\/\/ammed.com.mx\/index.php?rest_route=%2Fwp%2Fv2%2Fmedia&parent=1056"}],"curies":[{"name":"wp","href":"https:\/\/api.w.org\/{rel}","templated":true}]}}